{"id":2937,"date":"2025-11-01T12:05:22","date_gmt":"2025-11-01T15:05:22","guid":{"rendered":"https:\/\/davsondosanjos.com\/?post_type=product&#038;p=2937"},"modified":"2025-11-01T12:05:22","modified_gmt":"2025-11-01T15:05:22","slug":"segredos-de-casais-para-construir-e-manter-um-relacionamento-saudavel","status":"publish","type":"product","link":"https:\/\/davsondosanjos.com\/index.php\/produto\/segredos-de-casais-para-construir-e-manter-um-relacionamento-saudavel\/","title":{"rendered":"Segredos de Casais Para Construir e Manter um Relacionamento Saud\u00e1vel."},"content":{"rendered":"<p>Voc\u00ea j\u00e1 sentiu que, apesar do amor que compartilha com seu parceiro(a), algo parece estar faltando? Manter um relacionamento duradouro nos dias de hoje \u00e9 um desafio constante. Entre mal-entendidos, a rotina do dia a dia e as demandas externas, muitos casais acabam se distanciando emocionalmente. Mas e se existisse uma maneira de fortalecer sua rela\u00e7\u00e3o e reviver aquela conex\u00e3o que parecia inabal\u00e1vel no in\u00edcio?<\/p>\n<p>Em\u00a0<span class=\"a-text-italic\">Segredos de Casais Para Construir e Manter um Relacionamento Saud\u00e1vel<\/span>, voc\u00ea encontrar\u00e1 respostas pr\u00e1ticas e acess\u00edveis para os desafios mais comuns que casais enfrentam. Baseado em pesquisas cient\u00edficas, estudos de casos reais e anos de experi\u00eancia, este livro vai al\u00e9m de conselhos superficiais. Ele explora profundamente as din\u00e2micas emocionais, a import\u00e2ncia da comunica\u00e7\u00e3o clara, a constru\u00e7\u00e3o da confian\u00e7a m\u00fatua e como criar uma base s\u00f3lida que sustente o relacionamento, mesmo nos momentos mais dif\u00edceis.<\/p>\n<p>Desde quest\u00f5es cotidianas at\u00e9 temas mais delicados, como infidelidade e padr\u00f5es t\u00f3xicos, o livro oferece uma abordagem direta e emp\u00e1tica para resolver conflitos e melhorar a qualidade da conviv\u00eancia a dois. N\u00e3o se trata apenas de evitar o fracasso; trata-se de prosperar juntos e criar um relacionamento que resista ao teste do tempo.<\/p>\n<p>Imagine um relacionamento onde a compreens\u00e3o m\u00fatua, o respeito e a admira\u00e7\u00e3o s\u00e3o renovados todos os dias. Onde os problemas s\u00e3o enfrentados com sabedoria, e as diferen\u00e7as s\u00e3o vistas como oportunidades de crescimento conjunto. Com as ferramentas e estrat\u00e9gias apresentadas neste livro, voc\u00ea aprender\u00e1 a fortalecer seu v\u00ednculo com o parceiro(a), superando os desafios com confian\u00e7a e desenvolvendo uma parceria genu\u00edna e feliz.<\/p>\n<p>Este livro \u00e9 mais do que um guia; \u00e9 um convite para transformar seu relacionamento de dentro para fora. Cada cap\u00edtulo \u00e9 uma nova descoberta sobre como melhorar a comunica\u00e7\u00e3o, aprofundar a intimidade e cuidar de si mesmo(a) enquanto cuida do outro.<\/p>\n<p>Se voc\u00ea est\u00e1 pronto(a) para transformar seu relacionamento e construir uma vida a dois que traga alegria, realiza\u00e7\u00e3o e equil\u00edbrio, ent\u00e3o este livro \u00e9 para voc\u00ea. Adquira agora\u00a0<span class=\"a-text-italic\">Segredos de Casais Para Construir e Manter um Relacionamento Saud\u00e1vel<\/span>\u00a0e comece a jornada para uma parceria mais profunda e duradoura!<\/p>\n","protected":false},"excerpt":{"rendered":"<article class=\"text-token-text-primary w-full focus:outline-none [--shadow-height:45px] has-data-writing-block:pointer-events-none has-data-writing-block:-mt-(--shadow-height) has-data-writing-block:pt-(--shadow-height) [&amp;:has([data-writing-block])&gt;*]:pointer-events-auto [content-visibility:auto] supports-[content-visibility:auto]:[contain-intrinsic-size:auto_100lvh] scroll-mt-[calc(var(--header-height)+min(200px,max(70px,20svh)))]\" dir=\"auto\" tabindex=\"-1\" data-turn-id=\"ebbd17e1-ea15-4c4f-aabf-e90074c57d07\" data-testid=\"conversation-turn-2\" data-scroll-anchor=\"false\" data-turn=\"assistant\">\n<div class=\"text-base my-auto mx-auto [--thread-content-margin:--spacing(4)] thread-sm:[--thread-content-margin:--spacing(6)] thread-lg:[--thread-content-margin:--spacing(16)] px-(--thread-content-margin)\">\n<div class=\"[--thread-content-max-width:40rem] thread-lg:[--thread-content-max-width:48rem] mx-auto max-w-(--thread-content-max-width) flex-1 group\/turn-messages focus-visible:outline-hidden relative flex w-full min-w-0 flex-col agent-turn\" tabindex=\"-1\">\n<div class=\"flex max-w-full flex-col grow\">\n<div class=\"min-h-8 text-message relative flex w-full flex-col items-end gap-2 text-start break-words whitespace-normal [.text-message+&amp;]:mt-1\" dir=\"auto\" data-message-author-role=\"assistant\" data-message-id=\"6672df8d-becd-4899-bc2a-ca7c6778b887\" data-message-model-slug=\"gpt-5\">\n<div class=\"flex w-full flex-col gap-1 empty:hidden first:pt-[1px]\">\n<div class=\"markdown prose dark:prose-invert w-full break-words dark markdown-new-styling\">\n<p data-start=\"0\" data-end=\"388\" data-is-last-node=\"\" data-is-only-node=\"\">Descubra como fortalecer sua rela\u00e7\u00e3o e reconstruir a conex\u00e3o emocional com o livro <em data-start=\"110\" data-end=\"181\">Segredos de Casais Para Construir e Manter um Relacionamento Saud\u00e1vel<\/em>. Uma leitura pr\u00e1tica e profunda que ensina a melhorar a comunica\u00e7\u00e3o, restaurar a confian\u00e7a e criar um amor duradouro. Ideal para casais que desejam superar desafios e viver uma parceria feliz e equilibrada.<\/p>\n<\/div>\n<\/div>\n<\/div>\n<\/div>\n<div class=\"z-0 flex min-h-[46px] justify-start\"><\/div>\n<\/div>\n<\/div>\n<\/article>\n<article class=\"text-token-text-primary w-full focus:outline-none [--shadow-height:45px] has-data-writing-block:pointer-events-none has-data-writing-block:-mt-(--shadow-height) has-data-writing-block:pt-(--shadow-height) [&amp;:has([data-writing-block])&gt;*]:pointer-events-auto scroll-mt-(--header-height)\" dir=\"auto\" tabindex=\"-1\" data-turn-id=\"3373be71-759f-4ba2-a29d-72f9d3132e65\" data-testid=\"conversation-turn-3\" data-scroll-anchor=\"false\" data-turn=\"user\">\n<h5 class=\"sr-only\"><\/h5>\n<\/article>\n","protected":false},"featured_media":2938,"comment_status":"open","ping_status":"closed","template":"","meta":{"_eb_attr":"","content-type":"","om_disable_all_campaigns":false,"_monsterinsights_skip_tracking":false,"_monsterinsights_sitenote_active":false,"_monsterinsights_sitenote_note":"","_monsterinsights_sitenote_category":0,"_joinchat":[],"jetpack_publicize_message":"","jetpack_publicize_feature_enabled":true,"jetpack_social_post_already_shared":true,"jetpack_social_options":{"image_generator_settings":{"template":"highway","default_image_id":0,"font":"","enabled":false},"version":2}},"product_brand":[45],"product_cat":[39,38],"product_tag":[],"class_list":{"0":"post-2937","1":"product","2":"type-product","3":"status-publish","4":"has-post-thumbnail","6":"product_brand-davson-terapias","7":"product_cat-familia","8":"product_cat-relacionamentos","10":"first","11":"instock","12":"sale","13":"downloadable","14":"shipping-taxable","15":"purchasable","16":"product-type-simple"},"aioseo_notices":[],"jetpack_publicize_connections":[],"jetpack_sharing_enabled":true,"jetpack_likes_enabled":true,"_links":{"self":[{"href":"https:\/\/davsondosanjos.com\/index.php\/wp-json\/wp\/v2\/product\/2937","targetHints":{"allow":["GET"]}}],"collection":[{"href":"https:\/\/davsondosanjos.com\/index.php\/wp-json\/wp\/v2\/product"}],"about":[{"href":"https:\/\/davsondosanjos.com\/index.php\/wp-json\/wp\/v2\/types\/product"}],"replies":[{"embeddable":true,"href":"https:\/\/davsondosanjos.com\/index.php\/wp-json\/wp\/v2\/comments?post=2937"}],"wp:featuredmedia":[{"embeddable":true,"href":"https:\/\/davsondosanjos.com\/index.php\/wp-json\/wp\/v2\/media\/2938"}],"wp:attachment":[{"href":"https:\/\/davsondosanjos.com\/index.php\/wp-json\/wp\/v2\/media?parent=2937"}],"wp:term":[{"taxonomy":"product_brand","embeddable":true,"href":"https:\/\/davsondosanjos.com\/index.php\/wp-json\/wp\/v2\/product_brand?post=2937"},{"taxonomy":"product_cat","embeddable":true,"href":"https:\/\/davsondosanjos.com\/index.php\/wp-json\/wp\/v2\/product_cat?post=2937"},{"taxonomy":"product_tag","embeddable":true,"href":"https:\/\/davsondosanjos.com\/index.php\/wp-json\/wp\/v2\/product_tag?post=2937"}],"curies":[{"name":"wp","href":"https:\/\/api.w.org\/{rel}","templated":true}]}}