{"id":1477,"date":"2022-07-04T23:00:33","date_gmt":"2022-07-05T02:00:33","guid":{"rendered":"http:\/\/davsondosanjos.com\/?page_id=1477"},"modified":"2022-07-04T23:02:24","modified_gmt":"2022-07-05T02:02:24","slug":"programa-autoignicao","status":"publish","type":"page","link":"https:\/\/davsondosanjos.com\/index.php\/programa-autoignicao\/","title":{"rendered":"Programa AUTO^IGNI\u00c7\u00c3O"},"content":{"rendered":"\t\t<div data-elementor-type=\"wp-page\" data-elementor-id=\"1477\" class=\"elementor elementor-1477\">\n\t\t\t\t\t\t<section class=\"elementor-section elementor-top-section elementor-element elementor-element-563a0f5 elementor-section-full_width elementor-section-content-middle elementor-section-height-default elementor-section-height-default exad-glass-effect-no exad-sticky-section-no\" data-id=\"563a0f5\" data-element_type=\"section\">\n\t\t\t\t\t\t<div class=\"elementor-container elementor-column-gap-default\">\n\t\t\t\t\t<div class=\"elementor-column elementor-col-100 elementor-top-column elementor-element elementor-element-31377e4 exad-glass-effect-no exad-sticky-section-no\" data-id=\"31377e4\" data-element_type=\"column\">\n\t\t\t<div class=\"elementor-widget-wrap elementor-element-populated\">\n\t\t\t\t\t\t<section class=\"elementor-section elementor-inner-section elementor-element elementor-element-0e02dcd elementor-section-content-middle elementor-section-boxed elementor-section-height-default elementor-section-height-default exad-glass-effect-no exad-sticky-section-no\" data-id=\"0e02dcd\" data-element_type=\"section\" data-settings=\"{&quot;background_background&quot;:&quot;classic&quot;}\">\n\t\t\t\t\t\t<div class=\"elementor-container elementor-column-gap-default\">\n\t\t\t\t\t<div class=\"elementor-column elementor-col-50 elementor-inner-column elementor-element elementor-element-4172c8f exad-glass-effect-no exad-sticky-section-no\" data-id=\"4172c8f\" data-element_type=\"column\">\n\t\t\t<div class=\"elementor-widget-wrap elementor-element-populated\">\n\t\t\t\t\t\t<div class=\"elementor-element elementor-element-0526209 elementor-icon-list--layout-inline elementor-list-item-link-full_width exad-sticky-section-no exad-glass-effect-no elementor-widget elementor-widget-icon-list\" data-id=\"0526209\" data-element_type=\"widget\" data-widget_type=\"icon-list.default\">\n\t\t\t\t<div class=\"elementor-widget-container\">\n\t\t\t\t\t\t\t<ul class=\"elementor-icon-list-items elementor-inline-items\">\n\t\t\t\t\t\t\t<li class=\"elementor-icon-list-item elementor-inline-item\">\n\t\t\t\t\t\t\t\t\t\t\t<a href=\"http:\/\/212695163\">\n\n\t\t\t\t\t\t\t\t\t\t\t\t<span class=\"elementor-icon-list-icon\">\n\t\t\t\t\t\t\t<i aria-hidden=\"true\" class=\"fab fa-whatsapp\"><\/i>\t\t\t\t\t\t<\/span>\n\t\t\t\t\t\t\t\t\t\t<span class=\"elementor-icon-list-text\">31 9499-4581<\/span>\n\t\t\t\t\t\t\t\t\t\t\t<\/a>\n\t\t\t\t\t\t\t\t\t<\/li>\n\t\t\t\t\t\t\t\t<li class=\"elementor-icon-list-item elementor-inline-item\">\n\t\t\t\t\t\t\t\t\t\t\t<span class=\"elementor-icon-list-icon\">\n\t\t\t\t\t\t\t<i aria-hidden=\"true\" class=\"icon icon-mail\"><\/i>\t\t\t\t\t\t<\/span>\n\t\t\t\t\t\t\t\t\t\t<span class=\"elementor-icon-list-text\">contato@davsondigital.com<\/span>\n\t\t\t\t\t\t\t\t\t<\/li>\n\t\t\t\t\t\t<\/ul>\n\t\t\t\t\t\t<\/div>\n\t\t\t\t<\/div>\n\t\t\t\t\t<\/div>\n\t\t<\/div>\n\t\t\t\t<div class=\"elementor-column elementor-col-50 elementor-inner-column elementor-element elementor-element-79d1787 exad-glass-effect-no exad-sticky-section-no\" data-id=\"79d1787\" data-element_type=\"column\">\n\t\t\t<div class=\"elementor-widget-wrap elementor-element-populated\">\n\t\t\t\t\t\t<div class=\"elementor-element elementor-element-67420a3 exad-sticky-section-no exad-glass-effect-no elementor-widget elementor-widget-elementskit-social-media\" data-id=\"67420a3\" data-element_type=\"widget\" data-widget_type=\"elementskit-social-media.default\">\n\t\t\t\t<div class=\"elementor-widget-container\">\n\t\t\t\t\t<div class=\"ekit-wid-con\" >\t\t\t <ul class=\"ekit_social_media\">\n\t\t\t\t\t\t\t\t\t\t\t\t\t\t<li class=\"elementor-repeater-item-404d637\">\n\t\t\t\t\t    <a\n\t\t\t\t\t\thref=\"https:\/\/www.instagram.com\/davsondosanjos\/\" target=\"_blank\" aria-label=\"Instagram\" class=\"instagram\" >\n\t\t\t\t\t\t\t\n\t\t\t\t\t\t\t<i aria-hidden=\"true\" class=\"fab fa-instagram\"><\/i>\n                                                                                                            <\/a>\n                    <\/li>\n                    \t\t\t\t\t\t\t\t\t\t\t\t\t\t<li class=\"elementor-repeater-item-5eb0945\">\n\t\t\t\t\t    <a\n\t\t\t\t\t\thref=\"https:\/\/www.facebook.com\/davsondosanjoscoach\" target=\"_blank\" aria-label=\"Facebook\" class=\"facebook\" >\n\t\t\t\t\t\t\t\n\t\t\t\t\t\t\t<i aria-hidden=\"true\" class=\"fasicon icon-facebook\"><\/i>\n                                                                                                            <\/a>\n                    <\/li>\n                    \t\t\t\t\t\t\t\t\t\t\t\t\t\t<li class=\"elementor-repeater-item-98fdd10\">\n\t\t\t\t\t    <a\n\t\t\t\t\t\thref=\"https:\/\/www.linkedin.com\/in\/davsondosanjosmarketingdigital\/\" target=\"_blank\" aria-label=\"LinkedIn\" class=\"linkedin\" >\n\t\t\t\t\t\t\t\n\t\t\t\t\t\t\t<i aria-hidden=\"true\" class=\"fasicon icon-linkedin\"><\/i>\n                                                                                                            <\/a>\n                    <\/li>\n                    \t\t\t\t\t\t\t\t\t\t\t\t\t\t<li class=\"elementor-repeater-item-e9f752e\">\n\t\t\t\t\t    <a\n\t\t\t\t\t\thref=\"https:\/\/www.spreaker.com\/show\/empresarios-cristaos\" target=\"_blank\" aria-label=\"Podcast\" class=\"podcast\" >\n\t\t\t\t\t\t\t\n\t\t\t\t\t\t\t<i aria-hidden=\"true\" class=\"fas fa-podcast\"><\/i>\n                                                                                                            <\/a>\n                    <\/li>\n                    \t\t\t\t\t\t\t\t\t\t\t\t\t\t<li class=\"elementor-repeater-item-e2aa959\">\n\t\t\t\t\t    <a\n\t\t\t\t\t\thref=\"https:\/\/www.youtube.com\/channel\/UCAGv2Z2EMHJgs6GBvBT0R8A\" target=\"_blank\" aria-label=\"Youtube\" class=\"youtube\" >\n\t\t\t\t\t\t\t\n\t\t\t\t\t\t\t<i aria-hidden=\"true\" class=\"fab fa-youtube\"><\/i>\n                                                                                                            <\/a>\n                    <\/li>\n                    \t\t\t\t\t\t\t<\/ul>\n\t\t<\/div>\t\t\t\t<\/div>\n\t\t\t\t<\/div>\n\t\t\t\t\t<\/div>\n\t\t<\/div>\n\t\t\t\t\t<\/div>\n\t\t<\/section>\n\t\t\t\t<section class=\"elementor-section elementor-inner-section elementor-element elementor-element-f093e5d elementor-section-content-middle elementor-section-height-min-height elementor-section-boxed elementor-section-height-default exad-glass-effect-no exad-sticky-section-no\" data-id=\"f093e5d\" data-element_type=\"section\">\n\t\t\t\t\t\t<div class=\"elementor-container elementor-column-gap-default\">\n\t\t\t\t\t<div class=\"elementor-column elementor-col-33 elementor-inner-column elementor-element elementor-element-18fce31 exad-glass-effect-no exad-sticky-section-no\" data-id=\"18fce31\" data-element_type=\"column\">\n\t\t\t<div class=\"elementor-widget-wrap elementor-element-populated\">\n\t\t\t\t\t\t<div class=\"elementor-element elementor-element-2b3f4d8 exad-sticky-section-no exad-glass-effect-no elementor-invisible elementor-widget elementor-widget-image\" data-id=\"2b3f4d8\" data-element_type=\"widget\" data-settings=\"{&quot;_animation&quot;:&quot;fadeIn&quot;}\" data-widget_type=\"image.default\">\n\t\t\t\t<div class=\"elementor-widget-container\">\n\t\t\t\t\t\t\t\t\t\t\t\t\t\t\t<img fetchpriority=\"high\" decoding=\"async\" width=\"500\" height=\"252\" src=\"https:\/\/i0.wp.com\/davsondosanjos.com\/wp-content\/uploads\/2022\/05\/logo-davson-500-px-%C3%97-252-px.png?fit=500%2C252&amp;ssl=1\" class=\"attachment-large size-large wp-image-963\" alt=\"\" \/>\t\t\t\t\t\t\t\t\t\t\t\t\t\t\t<\/div>\n\t\t\t\t<\/div>\n\t\t\t\t\t<\/div>\n\t\t<\/div>\n\t\t\t\t<div class=\"elementor-column elementor-col-66 elementor-inner-column elementor-element elementor-element-05d0ba6 exad-glass-effect-no exad-sticky-section-no\" data-id=\"05d0ba6\" data-element_type=\"column\">\n\t\t\t<div class=\"elementor-widget-wrap elementor-element-populated\">\n\t\t\t\t\t\t<div class=\"elementor-element elementor-element-7336a2b exad-sticky-section-no exad-glass-effect-no elementor-invisible elementor-widget elementor-widget-ekit-nav-menu\" data-id=\"7336a2b\" data-element_type=\"widget\" data-settings=\"{&quot;_animation&quot;:&quot;fadeIn&quot;}\" data-widget_type=\"ekit-nav-menu.default\">\n\t\t\t\t<div class=\"elementor-widget-container\">\n\t\t\t\t\t\t\t<nav class=\"ekit-wid-con ekit_menu_responsive_tablet\" \n\t\t\tdata-hamburger-icon=\"icon icon-menu-circle\" \n\t\t\tdata-hamburger-icon-type=\"icon\" \n\t\t\tdata-responsive-breakpoint=\"1024\">\n\t\t\t            <button class=\"elementskit-menu-hamburger elementskit-menu-toggler\"  type=\"button\" aria-label=\"hamburger-icon\">\n                <i aria-hidden=\"true\" class=\"ekit-menu-icon icon icon-menu-circle\"><\/i>            <\/button>\n            <div id=\"ekit-megamenu-menu-principal\" class=\"elementskit-menu-container elementskit-menu-offcanvas-elements elementskit-navbar-nav-default ekit-nav-menu-one-page-no ekit-nav-dropdown-hover\"><ul id=\"menu-menu-principal\" class=\"elementskit-navbar-nav elementskit-menu-po-center submenu-click-on-icon\"><li id=\"menu-item-26\" class=\"menu-item menu-item-type-post_type menu-item-object-page menu-item-home menu-item-26 nav-item elementskit-mobile-builder-content\" data-vertical-menu=750px><a href=\"https:\/\/davsondosanjos.com\/\" class=\"ekit-menu-nav-link\">Home<\/a><\/li>\n<li id=\"menu-item-2047\" class=\"menu-item menu-item-type-post_type menu-item-object-page menu-item-2047 nav-item elementskit-mobile-builder-content\" data-vertical-menu=750px><a href=\"https:\/\/davsondosanjos.com\/index.php\/programas\/\" class=\"ekit-menu-nav-link\">A Terapia<\/a><\/li>\n<li id=\"menu-item-2929\" class=\"menu-item menu-item-type-post_type menu-item-object-page menu-item-2929 nav-item elementskit-mobile-builder-content\" data-vertical-menu=750px><a href=\"https:\/\/davsondosanjos.com\/index.php\/terapia-de-casal-online\/\" class=\"ekit-menu-nav-link\">Terapia de Casal<\/a><\/li>\n<li id=\"menu-item-1646\" class=\"menu-item menu-item-type-post_type menu-item-object-page menu-item-1646 nav-item elementskit-mobile-builder-content\" data-vertical-menu=750px><a href=\"https:\/\/davsondosanjos.com\/index.php\/para-empresas\/\" class=\"ekit-menu-nav-link\">Para empresas<\/a><\/li>\n<li id=\"menu-item-1078\" class=\"menu-item menu-item-type-post_type menu-item-object-page menu-item-1078 nav-item elementskit-mobile-builder-content\" data-vertical-menu=750px><a href=\"https:\/\/davsondosanjos.com\/index.php\/sobre-mim\/\" class=\"ekit-menu-nav-link\">Sobre mim<\/a><\/li>\n<li id=\"menu-item-1297\" class=\"menu-item menu-item-type-post_type menu-item-object-page menu-item-1297 nav-item elementskit-mobile-builder-content\" data-vertical-menu=750px><a href=\"https:\/\/davsondosanjos.com\/index.php\/blog\/\" class=\"ekit-menu-nav-link\">Blog<\/a><\/li>\n<li id=\"menu-item-943\" class=\"menu-item menu-item-type-post_type menu-item-object-page menu-item-943 nav-item elementskit-mobile-builder-content\" data-vertical-menu=750px><a href=\"https:\/\/davsondosanjos.com\/index.php\/contatos\/\" class=\"ekit-menu-nav-link\">Contato<\/a><\/li>\n<li id=\"menu-item-2960\" class=\"menu-item menu-item-type-post_type menu-item-object-page menu-item-2960 nav-item elementskit-mobile-builder-content\" data-vertical-menu=750px><a href=\"https:\/\/davsondosanjos.com\/index.php\/livro-segredos-de-casais\/\" class=\"ekit-menu-nav-link\">LP &#8211; Livro SDC<\/a><\/li>\n<\/ul><div class=\"elementskit-nav-identity-panel\"><button class=\"elementskit-menu-close elementskit-menu-toggler\" type=\"button\">X<\/button><\/div><\/div>\t\t\t\n\t\t\t<div class=\"elementskit-menu-overlay elementskit-menu-offcanvas-elements elementskit-menu-toggler ekit-nav-menu--overlay\"><\/div>        <\/nav>\n\t\t\t\t\t\t<\/div>\n\t\t\t\t<\/div>\n\t\t\t\t\t<\/div>\n\t\t<\/div>\n\t\t\t\t\t<\/div>\n\t\t<\/section>\n\t\t\t\t\t<\/div>\n\t\t<\/div>\n\t\t\t\t\t<\/div>\n\t\t<\/section>\n\t\t\t\t<section class=\"elementor-section elementor-top-section elementor-element elementor-element-4841d4c2 elementor-section-full_width elementor-section-content-top elementor-section-stretched elementor-hidden-mobile elementor-section-height-default elementor-section-height-default exad-glass-effect-no exad-sticky-section-no\" data-id=\"4841d4c2\" data-element_type=\"section\" id=\"xs_footer_8\" data-settings=\"{&quot;background_background&quot;:&quot;classic&quot;,&quot;stretch_section&quot;:&quot;section-stretched&quot;}\">\n\t\t\t\t\t\t<div class=\"elementor-container elementor-column-gap-custom\">\n\t\t\t\t\t<div class=\"elementor-column elementor-col-100 elementor-top-column elementor-element elementor-element-8e9ea73 exad-glass-effect-no exad-sticky-section-no\" data-id=\"8e9ea73\" data-element_type=\"column\">\n\t\t\t<div class=\"elementor-widget-wrap\">\n\t\t\t\t\t\t\t<\/div>\n\t\t<\/div>\n\t\t\t\t\t<\/div>\n\t\t<\/section>\n\t\t\t\t<section class=\"elementor-section elementor-top-section elementor-element elementor-element-16ea35c elementor-section-full_width elementor-section-stretched elementor-section-content-middle elementor-section-height-default elementor-section-height-default exad-glass-effect-no exad-sticky-section-no\" data-id=\"16ea35c\" data-element_type=\"section\" data-settings=\"{&quot;stretch_section&quot;:&quot;section-stretched&quot;,&quot;background_background&quot;:&quot;classic&quot;}\">\n\t\t\t\t\t\t<div class=\"elementor-container elementor-column-gap-default\">\n\t\t\t\t\t<div class=\"elementor-column elementor-col-100 elementor-top-column elementor-element elementor-element-d2c1e95 exad-glass-effect-no exad-sticky-section-no\" data-id=\"d2c1e95\" data-element_type=\"column\">\n\t\t\t<div class=\"elementor-widget-wrap elementor-element-populated\">\n\t\t\t\t\t\t<div class=\"elementor-element elementor-element-f6db5d1 exad-sticky-section-no exad-glass-effect-no elementor-widget elementor-widget-ekit-nav-menu\" data-id=\"f6db5d1\" data-element_type=\"widget\" data-widget_type=\"ekit-nav-menu.default\">\n\t\t\t\t<div class=\"elementor-widget-container\">\n\t\t\t\t\t\t\t<nav class=\"ekit-wid-con ekit_menu_responsive_tablet\" \n\t\t\tdata-hamburger-icon=\"icon icon-menu-circle\" \n\t\t\tdata-hamburger-icon-type=\"icon\" \n\t\t\tdata-responsive-breakpoint=\"1024\">\n\t\t\t            <button class=\"elementskit-menu-hamburger elementskit-menu-toggler\"  type=\"button\" aria-label=\"hamburger-icon\">\n                <i aria-hidden=\"true\" class=\"ekit-menu-icon icon icon-menu-circle\"><\/i>            <\/button>\n            <div id=\"ekit-megamenu-menu-principal\" class=\"elementskit-menu-container elementskit-menu-offcanvas-elements elementskit-navbar-nav-default ekit-nav-menu-one-page- ekit-nav-dropdown-hover\"><ul id=\"menu-menu-principal-1\" class=\"elementskit-navbar-nav elementskit-menu-po-center submenu-click-on-icon\"><li class=\"menu-item menu-item-type-post_type menu-item-object-page menu-item-home menu-item-26 nav-item elementskit-mobile-builder-content\" data-vertical-menu=750px><a href=\"https:\/\/davsondosanjos.com\/\" class=\"ekit-menu-nav-link\">Home<\/a><\/li>\n<li class=\"menu-item menu-item-type-post_type menu-item-object-page menu-item-2047 nav-item elementskit-mobile-builder-content\" data-vertical-menu=750px><a href=\"https:\/\/davsondosanjos.com\/index.php\/programas\/\" class=\"ekit-menu-nav-link\">A Terapia<\/a><\/li>\n<li class=\"menu-item menu-item-type-post_type menu-item-object-page menu-item-2929 nav-item elementskit-mobile-builder-content\" data-vertical-menu=750px><a href=\"https:\/\/davsondosanjos.com\/index.php\/terapia-de-casal-online\/\" class=\"ekit-menu-nav-link\">Terapia de Casal<\/a><\/li>\n<li class=\"menu-item menu-item-type-post_type menu-item-object-page menu-item-1646 nav-item elementskit-mobile-builder-content\" data-vertical-menu=750px><a href=\"https:\/\/davsondosanjos.com\/index.php\/para-empresas\/\" class=\"ekit-menu-nav-link\">Para empresas<\/a><\/li>\n<li class=\"menu-item menu-item-type-post_type menu-item-object-page menu-item-1078 nav-item elementskit-mobile-builder-content\" data-vertical-menu=750px><a href=\"https:\/\/davsondosanjos.com\/index.php\/sobre-mim\/\" class=\"ekit-menu-nav-link\">Sobre mim<\/a><\/li>\n<li class=\"menu-item menu-item-type-post_type menu-item-object-page menu-item-1297 nav-item elementskit-mobile-builder-content\" data-vertical-menu=750px><a href=\"https:\/\/davsondosanjos.com\/index.php\/blog\/\" class=\"ekit-menu-nav-link\">Blog<\/a><\/li>\n<li class=\"menu-item menu-item-type-post_type menu-item-object-page menu-item-943 nav-item elementskit-mobile-builder-content\" data-vertical-menu=750px><a href=\"https:\/\/davsondosanjos.com\/index.php\/contatos\/\" class=\"ekit-menu-nav-link\">Contato<\/a><\/li>\n<li class=\"menu-item menu-item-type-post_type menu-item-object-page menu-item-2960 nav-item elementskit-mobile-builder-content\" data-vertical-menu=750px><a href=\"https:\/\/davsondosanjos.com\/index.php\/livro-segredos-de-casais\/\" class=\"ekit-menu-nav-link\">LP &#8211; Livro SDC<\/a><\/li>\n<\/ul><div class=\"elementskit-nav-identity-panel\"><button class=\"elementskit-menu-close elementskit-menu-toggler\" type=\"button\">X<\/button><\/div><\/div>\t\t\t\n\t\t\t<div class=\"elementskit-menu-overlay elementskit-menu-offcanvas-elements elementskit-menu-toggler ekit-nav-menu--overlay\"><\/div>        <\/nav>\n\t\t\t\t\t\t<\/div>\n\t\t\t\t<\/div>\n\t\t\t\t\t<\/div>\n\t\t<\/div>\n\t\t\t\t\t<\/div>\n\t\t<\/section>\n\t\t\t\t<section class=\"elementor-section elementor-top-section elementor-element elementor-element-77b6cf56 elementor-section-boxed elementor-section-height-default elementor-section-height-default exad-glass-effect-no exad-sticky-section-no\" data-id=\"77b6cf56\" data-element_type=\"section\" data-settings=\"{&quot;background_background&quot;:&quot;classic&quot;}\">\n\t\t\t\t\t\t<div class=\"elementor-container elementor-column-gap-default\">\n\t\t\t\t\t<div class=\"elementor-column elementor-col-100 elementor-top-column elementor-element elementor-element-38981b73 exad-glass-effect-no exad-sticky-section-no\" data-id=\"38981b73\" data-element_type=\"column\">\n\t\t\t<div class=\"elementor-widget-wrap elementor-element-populated\">\n\t\t\t\t\t\t<div class=\"elementor-element elementor-element-3f9de894 exad-sticky-section-no exad-glass-effect-no elementor-widget elementor-widget-elementskit-heading\" data-id=\"3f9de894\" data-element_type=\"widget\" data-widget_type=\"elementskit-heading.default\">\n\t\t\t\t<div class=\"elementor-widget-container\">\n\t\t\t\t\t<div class=\"ekit-wid-con\" ><div class=\"ekit-heading elementskit-section-title-wraper text_center   ekit_heading_tablet-   ekit_heading_mobile-text_center\"><p class=\"ekit-heading--title elementskit-section-title \">\u00a92026. Davson dos Anjos - Todos os direitos reservados<\/p><\/div><\/div>\t\t\t\t<\/div>\n\t\t\t\t<\/div>\n\t\t\t\t\t<\/div>\n\t\t<\/div>\n\t\t\t\t\t<\/div>\n\t\t<\/section>\n\t\t\t\t<\/div>\n\t\t","protected":false},"excerpt":{"rendered":"<p>31 9499-4581 contato@davsondigital.com Home Programas \ud83d\ude80 Programa Shift \u2764\ufe0f FREEDOM \u2013 Programa de Liberta\u00e7\u00e3o Interior Sobre mim Blog Blog Contato Programa AUTO^IGNI\u00c7\u00c3O X Home Programas \ud83d\ude80 Programa Shift \u2764\ufe0f FREEDOM \u2013 Programa de Liberta\u00e7\u00e3o Interior Sobre mim Blog Blog Contato Programa AUTO^IGNI\u00c7\u00c3O X \u00a92026. Davson dos Anjos &#8211; Todos os direitos reservados<\/p>\n","protected":false},"author":1,"featured_media":0,"parent":0,"menu_order":0,"comment_status":"closed","ping_status":"closed","template":"elementor_canvas","meta":{"_eb_attr":"","content-type":"","om_disable_all_campaigns":false,"_monsterinsights_skip_tracking":false,"_monsterinsights_sitenote_active":false,"_monsterinsights_sitenote_note":"","_monsterinsights_sitenote_category":0,"_joinchat":[],"footnotes":""},"class_list":["post-1477","page","type-page","status-publish","hentry"],"aioseo_notices":[],"jetpack_sharing_enabled":true,"jetpack_likes_enabled":true,"jetpack_shortlink":"https:\/\/wp.me\/PdU5tg-nP","_links":{"self":[{"href":"https:\/\/davsondosanjos.com\/index.php\/wp-json\/wp\/v2\/pages\/1477","targetHints":{"allow":["GET"]}}],"collection":[{"href":"https:\/\/davsondosanjos.com\/index.php\/wp-json\/wp\/v2\/pages"}],"about":[{"href":"https:\/\/davsondosanjos.com\/index.php\/wp-json\/wp\/v2\/types\/page"}],"author":[{"embeddable":true,"href":"https:\/\/davsondosanjos.com\/index.php\/wp-json\/wp\/v2\/users\/1"}],"replies":[{"embeddable":true,"href":"https:\/\/davsondosanjos.com\/index.php\/wp-json\/wp\/v2\/comments?post=1477"}],"version-history":[{"count":4,"href":"https:\/\/davsondosanjos.com\/index.php\/wp-json\/wp\/v2\/pages\/1477\/revisions"}],"predecessor-version":[{"id":1482,"href":"https:\/\/davsondosanjos.com\/index.php\/wp-json\/wp\/v2\/pages\/1477\/revisions\/1482"}],"wp:attachment":[{"href":"https:\/\/davsondosanjos.com\/index.php\/wp-json\/wp\/v2\/media?parent=1477"}],"curies":[{"name":"wp","href":"https:\/\/api.w.org\/{rel}","templated":true}]}}